{"id":881,"date":"2016-11-01T15:40:25","date_gmt":"2016-11-01T15:40:25","guid":{"rendered":"http:\/\/the-three-city-study-3c.com\/?page_id=15"},"modified":"2021-12-13T21:53:41","modified_gmt":"2021-12-13T20:53:41","slug":"services","status":"publish","type":"page","link":"https:\/\/the-three-city-study-3c.com\/index.php\/services\/","title":{"rendered":"mentions l\u00e9gales"},"content":{"rendered":"<p><div class=\"fusion-fullwidth fullwidth-box fusion-builder-row-1 fusion-flex-container nonhundred-percent-fullwidth non-hundred-percent-height-scrolling\" style=\"background-color: rgba(255,255,255,0);background-position: center center;background-repeat: no-repeat;border-width: 0px 0px 0px 0px;border-color:#eae9e9;border-style:solid;\" ><div class=\"fusion-builder-row fusion-row fusion-flex-align-items-flex-start\" style=\"max-width:1216.8px;margin-left: calc(-4% \/ 2 );margin-right: calc(-4% \/ 2 );\"><div class=\"fusion-layout-column fusion_builder_column fusion-builder-column-0 fusion_builder_column_1_1 1_1 fusion-flex-column\"><div class=\"fusion-column-wrapper fusion-flex-justify-content-flex-start fusion-content-layout-column\" style=\"background-position:left top;background-blend-mode: overlay;background-repeat:no-repeat;-webkit-background-size:cover;-moz-background-size:cover;-o-background-size:cover;background-size:cover;padding: 0px 0px 0px 0px;\"><div class=\"fusion-section-separator section-separator triangle fusion-section-separator-1\"><div class=\"fusion-section-separator-svg\" style=\"border-bottom:1px solid #f8f8f8;\"><div class=\"divider-candy-arrow bottom\" style=\"top:0px;border-top-color: #f8f8f8;\"><\/div><div class=\"divider-candy bottom\" style=\"bottom:-21px;border-bottom:1px solid #f8f8f8;border-left:1px solid #f8f8f8;\"><\/div><\/div><div class=\"fusion-section-separator-spacer\"><div class=\"fusion-section-separator-spacer-height\" style=\"height:1px;\"><\/div><\/div><style type=\"text\/css\">.fusion-section-separator-1 .fusion-section-separator-svg {margin-left:1.92%;margin-right:1.92%;}@media only screen and (max-width:1024px) {.fusion-section-separator-1 .fusion-section-separator-svg {margin-left:1.92%;margin-right:1.92%;}}@media only screen and (max-width:640px) {.fusion-section-separator-1 .fusion-section-separator-svg {margin-left:1.92%;margin-right:1.92%;}}<\/style><\/div><\/div><style type=\"text\/css\">.fusion-body .fusion-builder-column-0{width:100% !important;margin-top : 0px;margin-bottom : 0px;}.fusion-builder-column-0 > .fusion-column-wrapper {padding-top : 0px !important;padding-right : 0px !important;margin-right : 1.92%;padding-bottom : 0px !important;padding-left : 0px !important;margin-left : 1.92%;}@media only screen and (max-width:1024px) {.fusion-body .fusion-builder-column-0{width:100% !important;}.fusion-builder-column-0 > .fusion-column-wrapper {margin-right : 1.92%;margin-left : 1.92%;}}@media only screen and (max-width:640px) {.fusion-body .fusion-builder-column-0{width:100% !important;}.fusion-builder-column-0 > .fusion-column-wrapper {margin-right : 1.92%;margin-left : 1.92%;}}<\/style><\/div><\/div><style type=\"text\/css\">.fusion-body .fusion-flex-container.fusion-builder-row-1{ padding-top : 0px;margin-top : 0px;padding-right : 30px;padding-bottom : 0px;margin-bottom : 0px;padding-left : 30px;}<\/style><\/div><div class=\"fusion-fullwidth fullwidth-box fusion-builder-row-2 fusion-flex-container nonhundred-percent-fullwidth non-hundred-percent-height-scrolling\" style=\"background-color: rgba(255,255,255,0);background-position: center center;background-repeat: no-repeat;border-width: 0px 0px 0px 0px;border-color:#eae9e9;border-style:solid;\" ><div class=\"fusion-builder-row fusion-row fusion-flex-align-items-flex-start\" style=\"max-width:1216.8px;margin-left: calc(-4% \/ 2 );margin-right: calc(-4% \/ 2 );\"><div class=\"fusion-layout-column fusion_builder_column fusion-builder-column-1 fusion_builder_column_1_1 1_1 fusion-flex-column\"><div class=\"fusion-column-wrapper fusion-flex-justify-content-flex-start fusion-content-layout-column\" style=\"background-position:left top;background-blend-mode: overlay;background-repeat:no-repeat;-webkit-background-size:cover;-moz-background-size:cover;-o-background-size:cover;background-size:cover;padding: 0px 0px 0px 0px;\"><div class=\"fusion-section-separator section-separator triangle fusion-section-separator-2\"><div class=\"fusion-section-separator-svg\" style=\"border-bottom:1px solid #ffffff;\"><div class=\"divider-candy-arrow bottom\" style=\"top:0px;border-top-color: #ffffff;\"><\/div><div class=\"divider-candy bottom\" style=\"bottom:-21px;border-bottom:1px solid #ffffff;border-left:1px solid #ffffff;\"><\/div><\/div><div class=\"fusion-section-separator-spacer\"><div class=\"fusion-section-separator-spacer-height\" style=\"height:1px;\"><\/div><\/div><style type=\"text\/css\">.fusion-section-separator-2 .fusion-section-separator-svg {margin-left:1.92%;margin-right:1.92%;}@media only screen and (max-width:1024px) {.fusion-section-separator-2 .fusion-section-separator-svg {margin-left:1.92%;margin-right:1.92%;}}@media only screen and (max-width:640px) {.fusion-section-separator-2 .fusion-section-separator-svg {margin-left:1.92%;margin-right:1.92%;}}<\/style><\/div><\/div><style type=\"text\/css\">.fusion-body .fusion-builder-column-1{width:100% !important;margin-top : 0px;margin-bottom : 0px;}.fusion-builder-column-1 > .fusion-column-wrapper {padding-top : 0px !important;padding-right : 0px !important;margin-right : 1.92%;padding-bottom : 0px !important;padding-left : 0px !important;margin-left : 1.92%;}@media only screen and (max-width:1024px) {.fusion-body .fusion-builder-column-1{width:100% !important;}.fusion-builder-column-1 > .fusion-column-wrapper {margin-right : 1.92%;margin-left : 1.92%;}}@media only screen and (max-width:640px) {.fusion-body .fusion-builder-column-1{width:100% !important;}.fusion-builder-column-1 > .fusion-column-wrapper {margin-right : 1.92%;margin-left : 1.92%;}}<\/style><\/div><\/div><style type=\"text\/css\">.fusion-body .fusion-flex-container.fusion-builder-row-2{ padding-top : 0px;margin-top : 0px;padding-right : 30px;padding-bottom : 0px;margin-bottom : 0px;padding-left : 30px;}<\/style><\/div><div class=\"fusion-fullwidth fullwidth-box fusion-builder-row-3 fusion-flex-container nonhundred-percent-fullwidth non-hundred-percent-height-scrolling\" style=\"background-color: rgba(255,255,255,0);background-position: center center;background-repeat: no-repeat;border-width: 0px 0px 0px 0px;border-color:#eae9e9;border-style:solid;\" ><div class=\"fusion-builder-row fusion-row fusion-flex-align-items-flex-start\" style=\"max-width:1216.8px;margin-left: calc(-4% \/ 2 );margin-right: calc(-4% \/ 2 );\"><div class=\"fusion-layout-column fusion_builder_column fusion-builder-column-2 fusion_builder_column_1_1 1_1 fusion-flex-column\"><div class=\"fusion-column-wrapper fusion-flex-justify-content-flex-start fusion-content-layout-column\" style=\"background-position:left top;background-blend-mode: overlay;background-repeat:no-repeat;-webkit-background-size:cover;-moz-background-size:cover;-o-background-size:cover;background-size:cover;padding: 0px 0px 0px 0px;\"><div class=\"fusion-section-separator section-separator triangle fusion-section-separator-3\"><div class=\"fusion-section-separator-svg\" style=\"border-bottom:1px solid #f8f8f8;\"><div class=\"divider-candy-arrow bottom\" style=\"top:0px;border-top-color: #f8f8f8;\"><\/div><div class=\"divider-candy bottom\" style=\"bottom:-21px;border-bottom:1px solid #f8f8f8;border-left:1px solid #f8f8f8;\"><\/div><\/div><div class=\"fusion-section-separator-spacer\"><div class=\"fusion-section-separator-spacer-height\" style=\"height:1px;\"><\/div><\/div><style type=\"text\/css\">.fusion-section-separator-3 .fusion-section-separator-svg {margin-left:1.92%;margin-right:1.92%;}@media only screen and (max-width:1024px) {.fusion-section-separator-3 .fusion-section-separator-svg {margin-left:1.92%;margin-right:1.92%;}}@media only screen and (max-width:640px) {.fusion-section-separator-3 .fusion-section-separator-svg {margin-left:1.92%;margin-right:1.92%;}}<\/style><\/div><\/div><style type=\"text\/css\">.fusion-body .fusion-builder-column-2{width:100% !important;margin-top : 0px;margin-bottom : 0px;}.fusion-builder-column-2 > .fusion-column-wrapper {padding-top : 0px !important;padding-right : 0px !important;margin-right : 1.92%;padding-bottom : 0px !important;padding-left : 0px !important;margin-left : 1.92%;}@media only screen and (max-width:1024px) {.fusion-body .fusion-builder-column-2{width:100% !important;}.fusion-builder-column-2 > .fusion-column-wrapper {margin-right : 1.92%;margin-left : 1.92%;}}@media only screen and (max-width:640px) {.fusion-body .fusion-builder-column-2{width:100% !important;}.fusion-builder-column-2 > .fusion-column-wrapper {margin-right : 1.92%;margin-left : 1.92%;}}<\/style><\/div><\/div><style type=\"text\/css\">.fusion-body .fusion-flex-container.fusion-builder-row-3{ padding-top : 0px;margin-top : 0px;padding-right : 30px;padding-bottom : 0px;margin-bottom : 0px;padding-left : 30px;}<\/style><\/div><div class=\"fusion-fullwidth fullwidth-box fusion-builder-row-4 fusion-flex-container nonhundred-percent-fullwidth non-hundred-percent-height-scrolling\" style=\"background-color: rgba(255,255,255,0);background-position: center center;background-repeat: no-repeat;border-width: 0px 0px 0px 0px;border-color:#eae9e9;border-style:solid;\" ><div class=\"fusion-builder-row fusion-row fusion-flex-align-items-flex-start\" style=\"max-width:1216.8px;margin-left: calc(-4% \/ 2 );margin-right: calc(-4% \/ 2 );\"><div class=\"fusion-layout-column fusion_builder_column fusion-builder-column-3 fusion_builder_column_1_1 1_1 fusion-flex-column\"><div class=\"fusion-column-wrapper fusion-flex-justify-content-flex-start fusion-content-layout-column\" style=\"background-position:left top;background-blend-mode: overlay;background-repeat:no-repeat;-webkit-background-size:cover;-moz-background-size:cover;-o-background-size:cover;background-size:cover;padding: 0px 0px 0px 0px;\"><div class=\"fusion-section-separator section-separator triangle fusion-section-separator-4\"><div class=\"fusion-section-separator-svg\" style=\"border-bottom:1px solid #ffffff;\"><div class=\"divider-candy-arrow bottom\" style=\"top:0px;border-top-color: #ffffff;\"><\/div><div class=\"divider-candy bottom\" style=\"bottom:-21px;border-bottom:1px solid #ffffff;border-left:1px solid #ffffff;\"><\/div><\/div><div class=\"fusion-section-separator-spacer\"><div class=\"fusion-section-separator-spacer-height\" style=\"height:1px;\"><\/div><\/div><style type=\"text\/css\">.fusion-section-separator-4 .fusion-section-separator-svg {margin-left:1.92%;margin-right:1.92%;}@media only screen and (max-width:1024px) {.fusion-section-separator-4 .fusion-section-separator-svg {margin-left:1.92%;margin-right:1.92%;}}@media only screen and (max-width:640px) {.fusion-section-separator-4 .fusion-section-separator-svg {margin-left:1.92%;margin-right:1.92%;}}<\/style><\/div><div class=\"fusion-text fusion-text-1\" style=\"line-height:1.5;\"><h6 style=\"text-align: justify; --fontSize: 18; line-height: 1.5; --minFontSize: 18;\" data-fontsize=\"18\" data-lineheight=\"27px\" class=\"fusion-responsive-typography-calculated\"><b style=\"color: #0025e0;\">Editeur <\/b><\/h6>\n<p style=\"text-align: justify;\"><strong><a href=\"https:\/\/www.bordeaux-population-health.center\/\" target=\"_blank\" rel=\"noopener\">Centre Bordeaux Population Health<\/a>, UMR1219 Universit\u00e9 de Bordeaux\/Inserm, <\/strong><\/p>\n<p style=\"text-align: justify;\">Site Carreire, 146 rue L\u00e9o Saignat, 33076 BORDEAUX CEDEX<\/p>\n<p style=\"text-align: justify;\"><strong>Directeur de la r\u00e9daction :<\/strong> Christophe Tzourio<\/p>\n<h6 style=\"text-align: justify; --fontSize: 18; line-height: 1.5; --minFontSize: 18;\" data-fontsize=\"18\" data-lineheight=\"27px\" class=\"fusion-responsive-typography-calculated\"><b style=\"color: #0025e0;\">Cr\u00e9\u00e9 par <\/b><\/h6>\n<p style=\"text-align: justify;\">Centre Bordeaux Population Health, UMR1219 Universit\u00e9 de Bordeaux\/Inserm<\/p>\n<p style=\"text-align: justify;\">Site Carreire, 146 rue L\u00e9o Saignat, 33076 BORDEAUX CEDEX<\/p>\n<h6 style=\"text-align: justify; --fontSize: 18; line-height: 1.5; --minFontSize: 18;\" data-fontsize=\"18\" data-lineheight=\"27px\" class=\"fusion-responsive-typography-calculated\"><b style=\"color: #0025e0;\">L\u2019h\u00e9bergement du site <\/b><\/h6>\n<p style=\"text-align: justify;\">H\u00e9bergement OVH, <a href=\"https:\/\/www.ovh.com\/fr\/\">https:\/\/www.ovh.com\/fr\/<\/a><\/p>\n<p style=\"text-align: justify;\">OVH SAS est une filiale <span style=\"color: rgb(0, 0, 0);\">de la soci\u00e9t\u00e9 OVH Groupe SAS<\/span>, soci\u00e9t\u00e9 immatricul\u00e9e au RCS de Lille sous le num\u00e9ro 537 407 926 sise 2, rue Kellermann, 59100 Roubaix.<\/p>\n<h6 style=\"text-align: justify; color: rgb(0, 27, 209); --fontSize: 18; line-height: 1.5; --minFontSize: 18;\" data-fontsize=\"18\" data-lineheight=\"27px\" class=\"fusion-responsive-typography-calculated\">Loi Informatiques et Libert\u00e9s<\/h6>\n<p style=\"text-align: justify; color: #001bd1;\"><span style=\"color: rgb(0, 0, 0);\">Conform\u00e9ment \u00e0 la loi \u00ab informatique et libert\u00e9s \u00bb du 6 janvier 1978 modifi\u00e9e en 2004, vous b\u00e9n\u00e9ficiez en tant que membre de la cohorte 3C d\u2019un droit d\u2019acc\u00e8s et de rectification aux informations qui vous concernent. Vous pouvez exercer ce droit en vous adressant \u00e0 l&rsquo;\u00e9quipe scientifique de 3C : <\/span><a href=\"https:\/\/the-three-city-study-3c.com\/index.php\/recherches-2\/contact-dp-etude3c@u-bordeaux.fr\" target=\"_blank\" rel=\"noopener noreferrer\">contact-dp-etude3c@u-bordeaux.fr<\/a><\/p>\n<p style=\"text-align: justify; color: #001bd1;\"><span style=\"color: rgb(0, 0, 0);\">Vous pouvez \u00e9galement vous opposer au traitement des donn\u00e9es vous concernant.<\/span><\/p>\n<h6 style=\"text-align: justify; --fontSize: 18; line-height: 1.5; --minFontSize: 18;\" data-fontsize=\"18\" data-lineheight=\"27px\" class=\"fusion-responsive-typography-calculated\"><b style=\"color: #0025e0;\">Propri\u00e9t\u00e9 intellectuelle <\/b><\/h6>\n<p style=\"text-align: justify;\">Les contenus, les textes, les vid\u00e9os, les images et les animations du site sont mis \u00e0 disposition du public par le Centre Bordeaux Popualtion Health. Ils sont prot\u00e9g\u00e9s par le droit de la propri\u00e9t\u00e9 intellectuelle et sont la propri\u00e9t\u00e9 exclusive du Centre Bordeaux Population Health. A ce titre, la reproduction, traduction ou toute autre utilisation de donn\u00e9es ou d\u2019informations provenant du site <a href=\"https:\/\/the-three-city-study-3c.com\/\" target=\"_blank\" rel=\"noopener\">https:\/\/the-three-city-study-3c.com\/<\/a> \u00e0 des fins autres que de recherches, \u00e9tudes personnelles, \u00e9ducatives et non commerciales, sont subordonn\u00e9es \u00e0 l\u2019obtention pr\u00e9alable d\u2019une autorisation \u00e9crite du Centre Bordeaux Population Health.<\/p>\n<h6 style=\"--fontSize: 18; line-height: 1.5; --minFontSize: 18;\" data-fontsize=\"18\" data-lineheight=\"27px\" class=\"fusion-responsive-typography-calculated\"><b style=\"color: #0039d8;\">Contenu du site<\/b><\/h6>\n<p style=\"text-align: justify;\">Le Centre Bordeaux Population Health s&rsquo;efforce d&rsquo;assurer au mieux de ses possibilit\u00e9s l&rsquo;exactitude et la mise \u00e0 jour des informations diffus\u00e9es, au moment de leur mise en ligne sur le site. Cependant, il ne garantit en aucune fa\u00e7on l&rsquo;exactitude, la pr\u00e9cision ou l&rsquo;exhaustivit\u00e9 des informations mises \u00e0 disposition sur le site. Les informations pr\u00e9sentes sur le site sont non-contractuelles et peuvent \u00eatre modifi\u00e9es \u00e0 tout moment.<br \/>Le site est r\u00e9gi par la loi fran\u00e7aise. Les utilisateurs \u00e9trangers acceptent formellement l&rsquo;application de la loi fran\u00e7aise en visitant ce site et en utilisant tout ou partie des fonctionnalit\u00e9s du site.<\/p>\n<h6 style=\"--fontSize: 18; line-height: 1.5; --minFontSize: 18;\" data-fontsize=\"18\" data-lineheight=\"27px\" class=\"fusion-responsive-typography-calculated\"><b style=\"color: #1f31d3;\">Liens<\/b><\/h6>\n<p style=\"text-align: justify;\">Le site de la cohorte 3C peut contenir des liens vers des sites de partenaires ou de tiers. Ne disposant d&rsquo;aucun moyen pour contr\u00f4ler ces sites, le Centre Bordeaux Population Health n&rsquo;offre aucune garantie quant au respect par ces sites des lois et r\u00e8glements en vigueur.<\/p>\n<h6 style=\"text-align: justify; --fontSize: 18; line-height: 1.5; --minFontSize: 18;\" data-fontsize=\"18\" data-lineheight=\"27px\" class=\"fusion-responsive-typography-calculated\"><b style=\"color: #0025e0;\">Avis relatif \u00e0 la s\u00e9curit\u00e9 :<\/b><\/h6>\n<p style=\"text-align: justify;\">Les tentatives non autoris\u00e9es de chargement d&rsquo;informations, visant \u00e0 causer un dommage et \u00e0 porter atteinte \u00e0 la disponibilit\u00e9 et \u00e0 l&rsquo;int\u00e9grit\u00e9 de ce site sont strictement interdites et seront sanctionn\u00e9es par le code p\u00e9nal. Ainsi l&rsquo;article 323-1 du code p\u00e9nal pr\u00e9voit que le fait d&rsquo;acc\u00e9der ou d&rsquo;\u00eatre maintenu frauduleusement, en tout ou partie d&rsquo;un syst\u00e8me de traitement automatis\u00e9 de donn\u00e9es (c&rsquo;est le cas d&rsquo;un site Internet) est puni de deux ans d&#8217;emprisonnement et 30 000\u20ac d&rsquo;amende. L&rsquo;article 323-3 du m\u00eame code pr\u00e9voit que le fait d&rsquo;introduire frauduleusement des donn\u00e9es dans un syst\u00e8me de traitement automatis\u00e9 ou de supprimer ou de modifier frauduleusement les donn\u00e9es qu&rsquo;il contient cinq ans d&#8217;emprisonnement et 75 000 Euros d&rsquo;amende.<\/p>\n<\/div><\/div><style type=\"text\/css\">.fusion-body .fusion-builder-column-3{width:100% !important;margin-top : 0px;margin-bottom : 0px;}.fusion-builder-column-3 > .fusion-column-wrapper {padding-top : 0px !important;padding-right : 0px !important;margin-right : 1.92%;padding-bottom : 0px !important;padding-left : 0px !important;margin-left : 1.92%;}@media only screen and (max-width:1024px) {.fusion-body .fusion-builder-column-3{width:100% !important;}.fusion-builder-column-3 > .fusion-column-wrapper {margin-right : 1.92%;margin-left : 1.92%;}}@media only screen and (max-width:640px) {.fusion-body .fusion-builder-column-3{width:100% !important;}.fusion-builder-column-3 > .fusion-column-wrapper {margin-right : 1.92%;margin-left : 1.92%;}}<\/style><\/div><\/div><style type=\"text\/css\">.fusion-body .fusion-flex-container.fusion-builder-row-4{ padding-top : 0px;margin-top : 51px;padding-right : 30px;padding-bottom : 0px;margin-bottom : 0px;padding-left : 30px;}<\/style><\/div><div class=\"fusion-fullwidth fullwidth-box fusion-builder-row-5 fusion-flex-container nonhundred-percent-fullwidth non-hundred-percent-height-scrolling\" style=\"background-color: rgba(255,255,255,0);background-position: center center;background-repeat: no-repeat;border-width: 0px 0px 0px 0px;border-color:#eae9e9;border-style:solid;\" ><div class=\"fusion-builder-row fusion-row fusion-flex-align-items-flex-start\" style=\"max-width:1216.8px;margin-left: calc(-4% \/ 2 );margin-right: calc(-4% \/ 2 );\"><div class=\"fusion-layout-column fusion_builder_column fusion-builder-column-4 fusion_builder_column_1_1 1_1 fusion-flex-column\"><div class=\"fusion-column-wrapper fusion-flex-justify-content-flex-start fusion-content-layout-column\" style=\"background-position:left top;background-repeat:no-repeat;-webkit-background-size:cover;-moz-background-size:cover;-o-background-size:cover;background-size:cover;padding: 0px 0px 0px 0px;\"><\/div><style type=\"text\/css\">.fusion-body .fusion-builder-column-4{width:100% !important;margin-top : 0px;margin-bottom : 0px;}.fusion-builder-column-4 > .fusion-column-wrapper {padding-top : 0px !important;padding-right : 0px !important;margin-right : 1.92%;padding-bottom : 0px !important;padding-left : 0px !important;margin-left : 1.92%;}@media only screen and (max-width:1024px) {.fusion-body .fusion-builder-column-4{width:100% !important;order : 0;}.fusion-builder-column-4 > .fusion-column-wrapper {margin-right : 1.92%;margin-left : 1.92%;}}@media only screen and (max-width:640px) {.fusion-body .fusion-builder-column-4{width:100% !important;order : 0;}.fusion-builder-column-4 > .fusion-column-wrapper {margin-right : 1.92%;margin-left : 1.92%;}}<\/style><\/div><\/div><style type=\"text\/css\">.fusion-body .fusion-flex-container.fusion-builder-row-5{ padding-top : 0px;margin-top : 0px;padding-right : 30px;padding-bottom : 0px;margin-bottom : 0px;padding-left : 30px;}<\/style><\/div><\/p>\n","protected":false},"excerpt":{"rendered":"","protected":false},"author":1,"featured_media":0,"parent":0,"menu_order":0,"comment_status":"closed","ping_status":"closed","template":"100-width.php","meta":[],"_links":{"self":[{"href":"https:\/\/the-three-city-study-3c.com\/index.php\/wp-json\/wp\/v2\/pages\/881"}],"collection":[{"href":"https:\/\/the-three-city-study-3c.com\/index.php\/wp-json\/wp\/v2\/pages"}],"about":[{"href":"https:\/\/the-three-city-study-3c.com\/index.php\/wp-json\/wp\/v2\/types\/page"}],"author":[{"embeddable":true,"href":"https:\/\/the-three-city-study-3c.com\/index.php\/wp-json\/wp\/v2\/users\/1"}],"replies":[{"embeddable":true,"href":"https:\/\/the-three-city-study-3c.com\/index.php\/wp-json\/wp\/v2\/comments?post=881"}],"version-history":[{"count":8,"href":"https:\/\/the-three-city-study-3c.com\/index.php\/wp-json\/wp\/v2\/pages\/881\/revisions"}],"predecessor-version":[{"id":1393,"href":"https:\/\/the-three-city-study-3c.com\/index.php\/wp-json\/wp\/v2\/pages\/881\/revisions\/1393"}],"wp:attachment":[{"href":"https:\/\/the-three-city-study-3c.com\/index.php\/wp-json\/wp\/v2\/media?parent=881"}],"curies":[{"name":"wp","href":"https:\/\/api.w.org\/{rel}","templated":true}]}}